{"id":2637,"date":"2023-06-29T16:41:37","date_gmt":"2023-06-29T16:41:37","guid":{"rendered":"https:\/\/allgemeinmedizin-waibstadt.de\/?page_id=2637"},"modified":"2026-02-10T20:52:50","modified_gmt":"2026-02-10T20:52:50","slug":"start","status":"publish","type":"page","link":"https:\/\/allgemeinmedizin-waibstadt.de\/","title":{"rendered":"Start"},"content":{"rendered":"\t\t<div data-elementor-type=\"wp-post\" data-elementor-id=\"2637\" class=\"elementor elementor-2637\">\n\t\t\t\t\t\t\t\t\t<section class=\"elementor-section elementor-top-section elementor-element elementor-element-ffae59b elementor-section-stretched elementor-section-boxed elementor-section-height-default elementor-section-height-default\" data-id=\"ffae59b\" data-element_type=\"section\" data-settings=\"{&quot;stretch_section&quot;:&quot;section-stretched&quot;}\">\n\t\t\t\t\t\t<div class=\"elementor-container elementor-column-gap-no\">\n\t\t\t\t\t<div class=\"elementor-column elementor-col-100 elementor-top-column elementor-element elementor-element-c4beb49 elementor-invisible\" data-id=\"c4beb49\" data-element_type=\"column\" data-settings=\"{&quot;background_background&quot;:&quot;classic&quot;,&quot;animation&quot;:&quot;opal-move-up&quot;}\">\n\t\t\t<div class=\"elementor-widget-wrap elementor-element-populated\">\n\t\t\t\t\t\t\t\t<div class=\"elementor-element elementor-element-ca88ec2 elementor-widget elementor-widget-heading\" data-id=\"ca88ec2\" data-element_type=\"widget\" data-widget_type=\"heading.default\">\n\t\t\t\t<div class=\"elementor-widget-container\">\n\t\t\t<h2 class=\"elementor-heading-title elementor-size-large\">Herzlich willkommen in unserer Praxis f\u00fcr Allgemeinmedizin<\/h2>\t\t<\/div>\n\t\t\t\t<\/div>\n\t\t\t\t\t<\/div>\n\t\t<\/div>\n\t\t\t\t\t\t\t<\/div>\n\t\t<\/section>\n\t\t\t\t<section class=\"elementor-section elementor-top-section elementor-element elementor-element-8f1f7bd elementor-section-stretched elementor-section-boxed elementor-section-height-default elementor-section-height-default\" data-id=\"8f1f7bd\" data-element_type=\"section\" data-settings=\"{&quot;stretch_section&quot;:&quot;section-stretched&quot;}\">\n\t\t\t\t\t\t<div class=\"elementor-container elementor-column-gap-no\">\n\t\t\t\t\t<div class=\"elementor-column elementor-col-50 elementor-top-column elementor-element elementor-element-89c28dd elementor-invisible\" data-id=\"89c28dd\" data-element_type=\"column\" data-settings=\"{&quot;animation&quot;:&quot;opal-move-up&quot;,&quot;background_background&quot;:&quot;classic&quot;}\">\n\t\t\t<div class=\"elementor-widget-wrap elementor-element-populated\">\n\t\t\t\t\t\t\t\t<div class=\"elementor-element elementor-element-8eee491 elementor-widget elementor-widget-heading\" data-id=\"8eee491\" data-element_type=\"widget\" data-widget_type=\"heading.default\">\n\t\t\t\t<div class=\"elementor-widget-container\">\n\t\t\t<h2 class=\"elementor-heading-title elementor-size-large\">Seit 2016 besteht<br>die Haus\u00e4rztegemeinschaft Waibstadt.<\/h2>\t\t<\/div>\n\t\t\t\t<\/div>\n\t\t\t\t<div class=\"elementor-element elementor-element-ef368bd elementor-widget elementor-widget-text-editor\" data-id=\"ef368bd\" data-element_type=\"widget\" data-widget_type=\"text-editor.default\">\n\t\t\t\t<div class=\"elementor-widget-container\">\n\t\t\t\t\t\t\t<p>Wir sind eine Akademische Lehrpraxis der Medizinischen Fakult\u00e4t der Ruprecht-Karls-Universit\u00e4t Heidelberg. Tip Dr. Argun Aldanmaz initiierte diese 2015 um die kontinuierliche Versorgung der Waibstadter Bev\u00f6lkerung auch in Zukunft zu gew\u00e4hrleisten.<\/p>\t\t\t\t\t\t<\/div>\n\t\t\t\t<\/div>\n\t\t\t\t\t<\/div>\n\t\t<\/div>\n\t\t\t\t<div class=\"elementor-column elementor-col-50 elementor-top-column elementor-element elementor-element-5495d66 elementor-invisible\" data-id=\"5495d66\" data-element_type=\"column\" data-settings=\"{&quot;background_background&quot;:&quot;classic&quot;,&quot;animation&quot;:&quot;opal-move-up&quot;}\">\n\t\t\t<div class=\"elementor-widget-wrap elementor-element-populated\">\n\t\t\t\t\t\t\t\t<div class=\"elementor-element elementor-element-4ece4de elementor-widget elementor-widget-image\" data-id=\"4ece4de\" data-element_type=\"widget\" data-widget_type=\"image.default\">\n\t\t\t\t<div class=\"elementor-widget-container\">\n\t\t\t\t\t\t\t\t\t\t\t\t\t\t\t<img loading=\"lazy\" decoding=\"async\" width=\"640\" height=\"427\" src=\"https:\/\/allgemeinmedizin-waibstadt.de\/wp-content\/uploads\/2023\/06\/start_01_768.jpg\" class=\"attachment-medium_large size-medium_large wp-image-2663\" alt=\"\" srcset=\"https:\/\/allgemeinmedizin-waibstadt.de\/wp-content\/uploads\/2023\/06\/start_01_768.jpg 768w, https:\/\/allgemeinmedizin-waibstadt.de\/wp-content\/uploads\/2023\/06\/start_01_768-300x200.jpg 300w\" sizes=\"auto, (max-width: 640px) 100vw, 640px\" \/>\t\t\t\t\t\t\t\t\t\t\t\t\t\t\t<\/div>\n\t\t\t\t<\/div>\n\t\t\t\t\t<\/div>\n\t\t<\/div>\n\t\t\t\t\t\t\t<\/div>\n\t\t<\/section>\n\t\t\t\t<section class=\"elementor-section elementor-top-section elementor-element elementor-element-fcd6861 elementor-section-stretched elementor-section-boxed elementor-section-height-default elementor-section-height-default\" data-id=\"fcd6861\" data-element_type=\"section\" data-settings=\"{&quot;stretch_section&quot;:&quot;section-stretched&quot;,&quot;background_background&quot;:&quot;classic&quot;}\">\n\t\t\t\t\t\t<div class=\"elementor-container elementor-column-gap-no\">\n\t\t\t\t\t<div class=\"elementor-column elementor-col-50 elementor-top-column elementor-element elementor-element-82a0e79 elementor-invisible\" data-id=\"82a0e79\" data-element_type=\"column\" data-settings=\"{&quot;animation&quot;:&quot;opal-move-up&quot;,&quot;background_background&quot;:&quot;classic&quot;}\">\n\t\t\t<div class=\"elementor-widget-wrap elementor-element-populated\">\n\t\t\t\t\t\t\t\t<div class=\"elementor-element elementor-element-daa374f elementor-widget elementor-widget-image\" data-id=\"daa374f\" data-element_type=\"widget\" data-widget_type=\"image.default\">\n\t\t\t\t<div class=\"elementor-widget-container\">\n\t\t\t\t\t\t\t\t\t\t\t\t\t\t\t<img loading=\"lazy\" decoding=\"async\" width=\"640\" height=\"427\" src=\"https:\/\/allgemeinmedizin-waibstadt.de\/wp-content\/uploads\/2023\/06\/start_02_768.jpg\" class=\"attachment-medium_large size-medium_large wp-image-2664\" alt=\"\" srcset=\"https:\/\/allgemeinmedizin-waibstadt.de\/wp-content\/uploads\/2023\/06\/start_02_768.jpg 768w, https:\/\/allgemeinmedizin-waibstadt.de\/wp-content\/uploads\/2023\/06\/start_02_768-300x200.jpg 300w\" sizes=\"auto, (max-width: 640px) 100vw, 640px\" \/>\t\t\t\t\t\t\t\t\t\t\t\t\t\t\t<\/div>\n\t\t\t\t<\/div>\n\t\t\t\t\t<\/div>\n\t\t<\/div>\n\t\t\t\t<div class=\"elementor-column elementor-col-50 elementor-top-column elementor-element elementor-element-aa649ba elementor-invisible\" data-id=\"aa649ba\" data-element_type=\"column\" data-settings=\"{&quot;background_background&quot;:&quot;classic&quot;,&quot;animation&quot;:&quot;opal-move-up&quot;}\">\n\t\t\t<div class=\"elementor-widget-wrap elementor-element-populated\">\n\t\t\t\t\t\t\t\t<div class=\"elementor-element elementor-element-448299d elementor-widget elementor-widget-heading\" data-id=\"448299d\" data-element_type=\"widget\" data-widget_type=\"heading.default\">\n\t\t\t\t<div class=\"elementor-widget-container\">\n\t\t\t<h2 class=\"elementor-heading-title elementor-size-large\">2020 erfolgte die anteilige \u00dcbernahme von Frau Dr. med. Rebecca Kaltenmaier nach langj\u00e4hriger Anstellung.<\/h2>\t\t<\/div>\n\t\t\t\t<\/div>\n\t\t\t\t<div class=\"elementor-element elementor-element-347cc87 elementor-widget elementor-widget-text-editor\" data-id=\"347cc87\" data-element_type=\"widget\" data-widget_type=\"text-editor.default\">\n\t\t\t\t<div class=\"elementor-widget-container\">\n\t\t\t\t\t\t\t<p>Wir freuen uns, gemeinsam mit unseren Kolleginnen, ein Konzept f\u00fcr Sie f\u00fcr die Zukunft gefunden zu haben.<\/p>\t\t\t\t\t\t<\/div>\n\t\t\t\t<\/div>\n\t\t\t\t<div class=\"elementor-element elementor-element-6528dc2 elementor-widget elementor-widget-heading\" data-id=\"6528dc2\" data-element_type=\"widget\" data-widget_type=\"heading.default\">\n\t\t\t\t<div class=\"elementor-widget-container\">\n\t\t\t<h3 class=\"elementor-heading-title elementor-size-default\">Ihr Praxis Team<\/h3>\t\t<\/div>\n\t\t\t\t<\/div>\n\t\t\t\t<div class=\"elementor-element elementor-element-69633bb elementor-widget elementor-widget-text-editor\" data-id=\"69633bb\" data-element_type=\"widget\" data-widget_type=\"text-editor.default\">\n\t\t\t\t<div class=\"elementor-widget-container\">\n\t\t\t\t\t\t\t<p>Haus\u00e4rztegemeinschaft Waibstadt<\/p>\t\t\t\t\t\t<\/div>\n\t\t\t\t<\/div>\n\t\t\t\t\t<\/div>\n\t\t<\/div>\n\t\t\t\t\t\t\t<\/div>\n\t\t<\/section>\n\t\t\t\t<section class=\"elementor-section elementor-top-section elementor-element elementor-element-0fbabdc elementor-section-stretched elementor-section-content-middle elementor-section-boxed elementor-section-height-default elementor-section-height-default\" data-id=\"0fbabdc\" data-element_type=\"section\" data-settings=\"{&quot;stretch_section&quot;:&quot;section-stretched&quot;,&quot;background_background&quot;:&quot;classic&quot;}\">\n\t\t\t\t\t\t<div class=\"elementor-container elementor-column-gap-no\">\n\t\t\t\t\t<div class=\"elementor-column elementor-col-100 elementor-top-column elementor-element elementor-element-f0334af elementor-invisible\" data-id=\"f0334af\" data-element_type=\"column\" data-settings=\"{&quot;animation&quot;:&quot;opal-move-up&quot;}\">\n\t\t\t<div class=\"elementor-widget-wrap elementor-element-populated\">\n\t\t\t\t\t\t\t\t<div class=\"elementor-element elementor-element-45a6cd2 elementor-widget-divider--view-line elementor-widget elementor-widget-divider\" data-id=\"45a6cd2\" data-element_type=\"widget\" data-widget_type=\"divider.default\">\n\t\t\t\t<div class=\"elementor-widget-container\">\n\t\t\t\t\t<div class=\"elementor-divider\">\n\t\t\t<span class=\"elementor-divider-separator\">\n\t\t\t\t\t\t<\/span>\n\t\t<\/div>\n\t\t\t\t<\/div>\n\t\t\t\t<\/div>\n\t\t\t\t<div class=\"elementor-element elementor-element-030499b elementor-widget elementor-widget-heading\" data-id=\"030499b\" data-element_type=\"widget\" data-widget_type=\"heading.default\">\n\t\t\t\t<div class=\"elementor-widget-container\">\n\t\t\t<h2 class=\"elementor-heading-title elementor-size-default\">Unsere Leistungen<\/h2>\t\t<\/div>\n\t\t\t\t<\/div>\n\t\t\t\t<div class=\"elementor-element elementor-element-d667fec elementor-widget elementor-widget-text-editor\" data-id=\"d667fec\" data-element_type=\"widget\" data-widget_type=\"text-editor.default\">\n\t\t\t\t<div class=\"elementor-widget-container\">\n\t\t\t\t\t\t\t<p>Allgemeinmedizin | Diagnostik | Vorsorgeuntersuchungen | Impfungen | Reisemedizin | Tauglichkeitsuntersuchungen<\/p>\t\t\t\t\t\t<\/div>\n\t\t\t\t<\/div>\n\t\t\t\t<div class=\"elementor-element elementor-element-1ffb29d layout-icon-center elementor-grid-mobile-1 elementor-grid-3 elementor-widget elementor-widget-opal-service\" data-id=\"1ffb29d\" data-element_type=\"widget\" data-widget_type=\"opal-service.default\">\n\t\t\t\t<div class=\"elementor-widget-container\">\n\t\t\t\t<div class=\"widget widget-service\">\r\n\t\t<div class=\"opalservice-recent-service opalservice-rows service-grid_v1\">\r\n\t\t \r\n\t\t\t\t<div class=\"elementor-grid elementor-items-container\">\r\n\t\t\t\t\t\t\t\t\t\t\t<div class=\"column-item  first-child\">\r\n\t\t\t\t\t\t\t\t\t\t\t\t\t\t\t<article itemscope itemtype=\"http:\/\/schema.org\/Service\" class=\"page post-135 opal_service type-opal_service status-publish has-post-thumbnail hentry opalservice_category_service-pediatric-clinic\">\n        <div class=\"service-wrapper\">\n                    <div class=\"entry-header\">\n                                    <div class=\"service-box-image\">\n                        <a href=\"https:\/\/allgemeinmedizin-waibstadt.de\/?opal_service=physical-therapy\" class=\"service-box-image-inner \">\n                            <img loading=\"lazy\" decoding=\"async\" width=\"380\" height=\"320\" src=\"https:\/\/allgemeinmedizin-waibstadt.de\/wp-content\/uploads\/2021\/06\/015-380x320.jpg\" class=\"attachment-drchanges-service-image-custom size-drchanges-service-image-custom wp-post-image\" alt=\"\" \/>                        <\/a>\n                    <\/div>\n                                            <\/div>\n                <div class=\"entry-content\">\n            <h4 class=\"service-title\"><a href=\"https:\/\/allgemeinmedizin-waibstadt.de\/?opal_service=physical-therapy\" rel=\"bookmark\">Allgemeinmedizin<\/a><\/h4>                        <div class=\"service-content\">\n                                    <div class=\"service-description ssss\">\n                        Ansprechpartner f\u00fcr Ihre medizinische Fragestellungen. Read More                    <\/div>\n                                                    <div class=\"service-readmore\">\n                        <a class=\"drchanges-read-more-link\" href=\"https:\/\/allgemeinmedizin-waibstadt.de\/?opal_service=physical-therapy\"> \n                            \n                       <\/a>\n                    <\/div>\n                            <\/div>\n        <\/div><!-- .entry-content -->\n    <\/div>\n    \n<\/article><!-- #post-## -->\n\t\r\n\t\t\t\t\t\t\t\t\t\t\t\t\t<\/div>\r\n\t\t\t\t\t\t\t\t\t\t\t<div class=\"column-item \">\r\n\t\t\t\t\t\t\t\t\t\t\t\t\t\t\t<article itemscope itemtype=\"http:\/\/schema.org\/Service\" class=\"page post-134 opal_service type-opal_service status-publish has-post-thumbnail hentry opalservice_category_service-outpatient-rehabilitation\">\n        <div class=\"service-wrapper\">\n                    <div class=\"entry-header\">\n                                    <div class=\"service-box-image\">\n                        <a href=\"https:\/\/allgemeinmedizin-waibstadt.de\/?opal_service=cardiology\" class=\"service-box-image-inner \">\n                            <img loading=\"lazy\" decoding=\"async\" width=\"365\" height=\"297\" src=\"https:\/\/allgemeinmedizin-waibstadt.de\/wp-content\/uploads\/2019\/04\/Unbenaddnnt-4.png\" class=\"attachment-drchanges-service-image-custom size-drchanges-service-image-custom wp-post-image\" alt=\"\" srcset=\"https:\/\/allgemeinmedizin-waibstadt.de\/wp-content\/uploads\/2019\/04\/Unbenaddnnt-4.png 365w, https:\/\/allgemeinmedizin-waibstadt.de\/wp-content\/uploads\/2019\/04\/Unbenaddnnt-4-300x244.png 300w\" sizes=\"auto, (max-width: 365px) 100vw, 365px\" \/>                        <\/a>\n                    <\/div>\n                                            <\/div>\n                <div class=\"entry-content\">\n            <h4 class=\"service-title\"><a href=\"https:\/\/allgemeinmedizin-waibstadt.de\/?opal_service=cardiology\" rel=\"bookmark\">Diagnostik<\/a><\/h4>                        <div class=\"service-content\">\n                                    <div class=\"service-description ssss\">\n                        Einsatz modernster Ger\u00e4te- und Labordiagnostik zur Befundung. Read More                    <\/div>\n                                                    <div class=\"service-readmore\">\n                        <a class=\"drchanges-read-more-link\" href=\"https:\/\/allgemeinmedizin-waibstadt.de\/?opal_service=cardiology\"> \n                            \n                       <\/a>\n                    <\/div>\n                            <\/div>\n        <\/div><!-- .entry-content -->\n    <\/div>\n    \n<\/article><!-- #post-## -->\n\t\r\n\t\t\t\t\t\t\t\t\t\t\t\t\t<\/div>\r\n\t\t\t\t\t\t\t\t\t\t\t<div class=\"column-item \">\r\n\t\t\t\t\t\t\t\t\t\t\t\t\t\t\t<article itemscope itemtype=\"http:\/\/schema.org\/Service\" class=\"page post-133 opal_service type-opal_service status-publish has-post-thumbnail hentry opalservice_category_service-outpatient-rehabilitation\">\n        <div class=\"service-wrapper\">\n                    <div class=\"entry-header\">\n                                    <div class=\"service-box-image\">\n                        <a href=\"https:\/\/allgemeinmedizin-waibstadt.de\/?opal_service=surgery\" class=\"service-box-image-inner \">\n                            <img loading=\"lazy\" decoding=\"async\" width=\"365\" height=\"297\" src=\"https:\/\/allgemeinmedizin-waibstadt.de\/wp-content\/uploads\/2019\/04\/Unbenaddnnt-3.png\" class=\"attachment-drchanges-service-image-custom size-drchanges-service-image-custom wp-post-image\" alt=\"\" srcset=\"https:\/\/allgemeinmedizin-waibstadt.de\/wp-content\/uploads\/2019\/04\/Unbenaddnnt-3.png 365w, https:\/\/allgemeinmedizin-waibstadt.de\/wp-content\/uploads\/2019\/04\/Unbenaddnnt-3-300x244.png 300w\" sizes=\"auto, (max-width: 365px) 100vw, 365px\" \/>                        <\/a>\n                    <\/div>\n                                            <\/div>\n                <div class=\"entry-content\">\n            <h4 class=\"service-title\"><a href=\"https:\/\/allgemeinmedizin-waibstadt.de\/?opal_service=surgery\" rel=\"bookmark\">Vorsorgeuntersuchungen<\/a><\/h4>                        <div class=\"service-content\">\n                                    <div class=\"service-description ssss\">\n                        Krankheiten oder individuelle Risiken fr\u00fchzeitig erkennen. Read More                    <\/div>\n                                                    <div class=\"service-readmore\">\n                        <a class=\"drchanges-read-more-link\" href=\"https:\/\/allgemeinmedizin-waibstadt.de\/?opal_service=surgery\"> \n                            \n                       <\/a>\n                    <\/div>\n                            <\/div>\n        <\/div><!-- .entry-content -->\n    <\/div>\n    \n<\/article><!-- #post-## -->\n\t\r\n\t\t\t\t\t\t\t\t\t\t\t\t\t<\/div>\r\n\t\t\t\t\t\t\t\t\t<\/div>\r\n\t\t\t\t\t<\/div>\t\r\n\t<\/div>\r\n\t\t<\/div>\n\t\t\t\t<\/div>\n\t\t\t\t<div class=\"elementor-element elementor-element-5c1740f elementor-align-center elementor-button-btn-line elementor-widget elementor-widget-opal-button\" data-id=\"5c1740f\" data-element_type=\"widget\" data-widget_type=\"opal-button.default\">\n\t\t\t\t<div class=\"elementor-widget-container\">\n\t\t\t\t\t<div class=\"elementor-button-wrapper\">\n\t\t\t<a href=\"https:\/\/test.allgemeinmedizin-waibstadt.de\/?page_id=96\" class=\"elementor-button-link elementor-button elementor-size-sm\" role=\"button\">\n\t\t\t\t\t\t<span class=\"elementor-button-content-wrapper\">\n\t\t\t\t\t\t<span class=\"elementor-button-icon elementor-align-icon-right\">\n\t\t\t\t<i class=\"lexus-icon-icon-arrow\" aria-hidden=\"true\"><\/i>\n\t\t\t<\/span>\n\t\t\t\t\t\t<span class=\"elementor-button-text\">Alle Leistungen<\/span>\n\t\t<\/span>\n\t\t\t\t\t<\/a>\n\t\t<\/div>\n\t\t\t\t<\/div>\n\t\t\t\t<\/div>\n\t\t\t\t\t<\/div>\n\t\t<\/div>\n\t\t\t\t\t\t\t<\/div>\n\t\t<\/section>\n\t\t\t\t<section class=\"elementor-section elementor-top-section elementor-element elementor-element-d444953 elementor-section-stretched elementor-section-boxed elementor-section-height-default elementor-section-height-default\" data-id=\"d444953\" data-element_type=\"section\" data-settings=\"{&quot;stretch_section&quot;:&quot;section-stretched&quot;,&quot;background_background&quot;:&quot;classic&quot;}\">\n\t\t\t\t\t\t<div class=\"elementor-container elementor-column-gap-no\">\n\t\t\t\t\t<div class=\"elementor-column elementor-col-66 elementor-top-column elementor-element elementor-element-b7f6fcb elementor-invisible\" data-id=\"b7f6fcb\" data-element_type=\"column\" data-settings=\"{&quot;animation&quot;:&quot;opal-move-up&quot;}\">\n\t\t\t<div class=\"elementor-widget-wrap elementor-element-populated\">\n\t\t\t\t\t\t\t\t<div class=\"elementor-element elementor-element-fe4ef53 elementor-widget elementor-widget-image\" data-id=\"fe4ef53\" data-element_type=\"widget\" data-widget_type=\"image.default\">\n\t\t\t\t<div class=\"elementor-widget-container\">\n\t\t\t\t\t\t\t\t\t\t\t\t\t\t\t<img loading=\"lazy\" decoding=\"async\" width=\"640\" height=\"427\" src=\"https:\/\/allgemeinmedizin-waibstadt.de\/wp-content\/uploads\/2023\/06\/start_03_768.jpg\" class=\"attachment-medium_large size-medium_large wp-image-2665\" alt=\"\" srcset=\"https:\/\/allgemeinmedizin-waibstadt.de\/wp-content\/uploads\/2023\/06\/start_03_768.jpg 768w, https:\/\/allgemeinmedizin-waibstadt.de\/wp-content\/uploads\/2023\/06\/start_03_768-300x200.jpg 300w\" sizes=\"auto, (max-width: 640px) 100vw, 640px\" \/>\t\t\t\t\t\t\t\t\t\t\t\t\t\t\t<\/div>\n\t\t\t\t<\/div>\n\t\t\t\t\t<\/div>\n\t\t<\/div>\n\t\t\t\t<div class=\"elementor-column elementor-col-33 elementor-top-column elementor-element elementor-element-a24001d elementor-invisible\" data-id=\"a24001d\" data-element_type=\"column\" data-settings=\"{&quot;background_background&quot;:&quot;classic&quot;,&quot;animation&quot;:&quot;opal-move-up&quot;}\">\n\t\t\t<div class=\"elementor-widget-wrap elementor-element-populated\">\n\t\t\t\t\t\t\t\t<div class=\"elementor-element elementor-element-a20b2bf elementor-widget-divider--view-line elementor-widget elementor-widget-divider\" data-id=\"a20b2bf\" data-element_type=\"widget\" data-widget_type=\"divider.default\">\n\t\t\t\t<div class=\"elementor-widget-container\">\n\t\t\t\t\t<div class=\"elementor-divider\">\n\t\t\t<span class=\"elementor-divider-separator\">\n\t\t\t\t\t\t<\/span>\n\t\t<\/div>\n\t\t\t\t<\/div>\n\t\t\t\t<\/div>\n\t\t\t\t<div class=\"elementor-element elementor-element-b3aa5b6 elementor-widget elementor-widget-heading\" data-id=\"b3aa5b6\" data-element_type=\"widget\" data-widget_type=\"heading.default\">\n\t\t\t\t<div class=\"elementor-widget-container\">\n\t\t\t<h2 class=\"elementor-heading-title elementor-size-default\">Unser Anspruch<\/h2>\t\t<\/div>\n\t\t\t\t<\/div>\n\t\t\t\t<div class=\"elementor-element elementor-element-588eaa9 elementor-widget elementor-widget-text-editor\" data-id=\"588eaa9\" data-element_type=\"widget\" data-widget_type=\"text-editor.default\">\n\t\t\t\t<div class=\"elementor-widget-container\">\n\t\t\t\t\t\t\t<p>Wir versuchen f\u00fcr jeden Patienten eine optimale und individuelle Gesundheitsversorgung zu gew\u00e4hrleisten.<\/p>\t\t\t\t\t\t<\/div>\n\t\t\t\t<\/div>\n\t\t\t\t\t<\/div>\n\t\t<\/div>\n\t\t\t\t\t\t\t<\/div>\n\t\t<\/section>\n\t\t\t\t\t\t\t<\/div>\n\t\t","protected":false},"excerpt":{"rendered":"<p>Herzlich willkommen in unserer Praxis f\u00fcr Allgemeinmedizin Seit 2016 bestehtdie Haus\u00e4rztegemeinschaft Waibstadt. Wir sind eine Akademische Lehrpraxis der Medizinischen Fakult\u00e4t der Ruprecht-Karls-Universit\u00e4t Heidelberg. Tip Dr. Argun Aldanmaz initiierte diese 2015 um die kontinuierliche Versorgung der Waibstadter Bev\u00f6lkerung auch in Zukunft zu gew\u00e4hrleisten. 2020 erfolgte die anteilige \u00dcbernahme von Frau Dr. med. Rebecca Kaltenmaier nach langj\u00e4hriger <\/p>\n<div class=\"drchanges-read-more-link-wrap\"><a class=\"drchanges-read-more-link\" href=\"https:\/\/allgemeinmedizin-waibstadt.de\/?opal_service=surgery\">Read More<\/a><\/div>\n","protected":false},"author":1,"featured_media":0,"parent":0,"menu_order":0,"comment_status":"closed","ping_status":"closed","template":"","meta":{"footnotes":""},"class_list":["post-2637","page","type-page","status-publish","hentry"],"_links":{"self":[{"href":"https:\/\/allgemeinmedizin-waibstadt.de\/index.php?rest_route=\/wp\/v2\/pages\/2637","targetHints":{"allow":["GET"]}}],"collection":[{"href":"https:\/\/allgemeinmedizin-waibstadt.de\/index.php?rest_route=\/wp\/v2\/pages"}],"about":[{"href":"https:\/\/allgemeinmedizin-waibstadt.de\/index.php?rest_route=\/wp\/v2\/types\/page"}],"author":[{"embeddable":true,"href":"https:\/\/allgemeinmedizin-waibstadt.de\/index.php?rest_route=\/wp\/v2\/users\/1"}],"replies":[{"embeddable":true,"href":"https:\/\/allgemeinmedizin-waibstadt.de\/index.php?rest_route=%2Fwp%2Fv2%2Fcomments&post=2637"}],"version-history":[{"count":65,"href":"https:\/\/allgemeinmedizin-waibstadt.de\/index.php?rest_route=\/wp\/v2\/pages\/2637\/revisions"}],"predecessor-version":[{"id":3204,"href":"https:\/\/allgemeinmedizin-waibstadt.de\/index.php?rest_route=\/wp\/v2\/pages\/2637\/revisions\/3204"}],"wp:attachment":[{"href":"https:\/\/allgemeinmedizin-waibstadt.de\/index.php?rest_route=%2Fwp%2Fv2%2Fmedia&parent=2637"}],"curies":[{"name":"wp","href":"https:\/\/api.w.org\/{rel}","templated":true}]}}