{"id":2707,"date":"2023-06-29T19:32:15","date_gmt":"2023-06-29T19:32:15","guid":{"rendered":"https:\/\/allgemeinmedizin-waibstadt.de\/?page_id=2707"},"modified":"2023-06-29T20:23:57","modified_gmt":"2023-06-29T20:23:57","slug":"notfallnummern","status":"publish","type":"page","link":"https:\/\/allgemeinmedizin-waibstadt.de\/?page_id=2707","title":{"rendered":"Notfallnummern"},"content":{"rendered":"\t\t<div data-elementor-type=\"wp-post\" data-elementor-id=\"2707\" class=\"elementor elementor-2707\">\n\t\t\t\t\t\t\t\t\t<section class=\"elementor-section elementor-top-section elementor-element elementor-element-a42a5a2 elementor-section-boxed elementor-section-height-default elementor-section-height-default\" data-id=\"a42a5a2\" data-element_type=\"section\">\n\t\t\t\t\t\t<div class=\"elementor-container elementor-column-gap-default\">\n\t\t\t\t\t<div class=\"elementor-column elementor-col-100 elementor-top-column elementor-element elementor-element-67ab22f\" data-id=\"67ab22f\" data-element_type=\"column\">\n\t\t\t<div class=\"elementor-widget-wrap elementor-element-populated\">\n\t\t\t\t\t\t\t\t<div class=\"elementor-element elementor-element-0e122fd elementor-widget elementor-widget-text-editor\" data-id=\"0e122fd\" data-element_type=\"widget\" data-widget_type=\"text-editor.default\">\n\t\t\t\t<div class=\"elementor-widget-container\">\n\t\t\t\t\t\t\t<p>Ein Notlage tritt meist v\u00f6llig unvorbereitet auf. Deshalb ist es wichtig, die Nummer der jeweils zust\u00e4ndigen Stelle zu kennen. Was tun im Notfall?<\/p>\t\t\t\t\t\t<\/div>\n\t\t\t\t<\/div>\n\t\t\t\t\t<\/div>\n\t\t<\/div>\n\t\t\t\t\t\t\t<\/div>\n\t\t<\/section>\n\t\t\t\t<section class=\"elementor-section elementor-top-section elementor-element elementor-element-4405cea elementor-section-boxed elementor-section-height-default elementor-section-height-default\" data-id=\"4405cea\" data-element_type=\"section\">\n\t\t\t\t\t\t<div class=\"elementor-container elementor-column-gap-default\">\n\t\t\t\t\t<div class=\"elementor-column elementor-col-100 elementor-top-column elementor-element elementor-element-ab3fd01\" data-id=\"ab3fd01\" data-element_type=\"column\">\n\t\t\t<div class=\"elementor-widget-wrap elementor-element-populated\">\n\t\t\t\t\t\t\t\t<div class=\"elementor-element elementor-element-dc606fc elementor-widget elementor-widget-heading\" data-id=\"dc606fc\" data-element_type=\"widget\" data-widget_type=\"heading.default\">\n\t\t\t\t<div class=\"elementor-widget-container\">\n\t\t\t<h3 class=\"elementor-heading-title elementor-size-default\">Lebensbedrohliche Notf\u00e4lle<\/h3>\t\t<\/div>\n\t\t\t\t<\/div>\n\t\t\t\t<div class=\"elementor-element elementor-element-3c243fd elementor-widget elementor-widget-text-editor\" data-id=\"3c243fd\" data-element_type=\"widget\" data-widget_type=\"text-editor.default\">\n\t\t\t\t<div class=\"elementor-widget-container\">\n\t\t\t\t\t\t\t<p>Bei akuten und lebensbedrohlichen Notf\u00e4llen rufen Sie bitte sofort die Rettungsleitstelle unter <span style=\"color: #993300;\"><strong>112<\/strong><\/span> an!<\/p>\t\t\t\t\t\t<\/div>\n\t\t\t\t<\/div>\n\t\t\t\t\t<\/div>\n\t\t<\/div>\n\t\t\t\t\t\t\t<\/div>\n\t\t<\/section>\n\t\t\t\t<section class=\"elementor-section elementor-top-section elementor-element elementor-element-188fd04 elementor-section-boxed elementor-section-height-default elementor-section-height-default\" data-id=\"188fd04\" data-element_type=\"section\">\n\t\t\t\t\t\t<div class=\"elementor-container elementor-column-gap-default\">\n\t\t\t\t\t<div class=\"elementor-column elementor-col-100 elementor-top-column elementor-element elementor-element-5464733\" data-id=\"5464733\" data-element_type=\"column\">\n\t\t\t<div class=\"elementor-widget-wrap elementor-element-populated\">\n\t\t\t\t\t\t\t\t<div class=\"elementor-element elementor-element-d79ba6f elementor-widget elementor-widget-heading\" data-id=\"d79ba6f\" data-element_type=\"widget\" data-widget_type=\"heading.default\">\n\t\t\t\t<div class=\"elementor-widget-container\">\n\t\t\t<h3 class=\"elementor-heading-title elementor-size-default\">Arztbesuch au\u00dferhalb der Praxis\u00f6ffnungszeiten<\/h3>\t\t<\/div>\n\t\t\t\t<\/div>\n\t\t\t\t<div class=\"elementor-element elementor-element-95f2144 elementor-widget elementor-widget-text-editor\" data-id=\"95f2144\" data-element_type=\"widget\" data-widget_type=\"text-editor.default\">\n\t\t\t\t<div class=\"elementor-widget-container\">\n\t\t\t\t\t\t\t<p>Au\u00dferhalb der Praxiszeiten, also werktags zwischen 19.00 Uhr und 07.00 Uhr (mittwochs ab 14.00 Uhr), sowie an Wochenenden und Feiertagen, ist der \u00e4rztliche Bereitschaftsdienst f\u00fcr Sie da. Die Telefonnummer lautet: <span style=\"color: #993300;\"><strong>116 117<\/strong><\/span><\/p><p>Kontaktdaten:<br \/>\u00c4rztlicher Bereitschaftsdienst\u00a0<br \/>Alte Waibstadter Str. 2<br \/>74889 Sinsheim<br \/>Telefon: 116 117<\/p>\t\t\t\t\t\t<\/div>\n\t\t\t\t<\/div>\n\t\t\t\t\t<\/div>\n\t\t<\/div>\n\t\t\t\t\t\t\t<\/div>\n\t\t<\/section>\n\t\t\t\t<section class=\"elementor-section elementor-top-section elementor-element elementor-element-7d56497 elementor-section-boxed elementor-section-height-default elementor-section-height-default\" data-id=\"7d56497\" data-element_type=\"section\">\n\t\t\t\t\t\t<div class=\"elementor-container elementor-column-gap-default\">\n\t\t\t\t\t<div class=\"elementor-column elementor-col-100 elementor-top-column elementor-element elementor-element-199f126\" data-id=\"199f126\" data-element_type=\"column\">\n\t\t\t<div class=\"elementor-widget-wrap elementor-element-populated\">\n\t\t\t\t\t\t\t\t<div class=\"elementor-element elementor-element-58526a3 elementor-widget elementor-widget-heading\" data-id=\"58526a3\" data-element_type=\"widget\" data-widget_type=\"heading.default\">\n\t\t\t\t<div class=\"elementor-widget-container\">\n\t\t\t<h3 class=\"elementor-heading-title elementor-size-default\">Weitere Notfallnummern:<\/h3>\t\t<\/div>\n\t\t\t\t<\/div>\n\t\t\t\t<div class=\"elementor-element elementor-element-f8b99f0 elementor-widget elementor-widget-text-editor\" data-id=\"f8b99f0\" data-element_type=\"widget\" data-widget_type=\"text-editor.default\">\n\t\t\t\t<div class=\"elementor-widget-container\">\n\t\t\t\t\t\t\t<ul><li>Telefonische Seelsorge bei psychischen Notlagen: <span style=\"color: #993300;\"><strong>116 123<\/strong><\/span><\/li><li>Giftnotrufzentrale Freiburg: <span style=\"color: #993300;\"><strong>0761 &#8211; 19 240<\/strong><\/span><\/li><li>Apothekendienstplan Tel: <span style=\"color: #993300;\"><strong>0800 00 28 33<\/strong><\/span> oder unter <a href=\"https:\/\/www.aponet.de\/apotheke\/notdienstsuche\" target=\"_blank\" rel=\"noopener\">www.aponet.de<\/a><\/li><\/ul>\t\t\t\t\t\t<\/div>\n\t\t\t\t<\/div>\n\t\t\t\t\t<\/div>\n\t\t<\/div>\n\t\t\t\t\t\t\t<\/div>\n\t\t<\/section>\n\t\t\t\t\t\t\t<\/div>\n\t\t","protected":false},"excerpt":{"rendered":"<p>Ein Notlage tritt meist v\u00f6llig unvorbereitet auf. Deshalb ist es wichtig, die Nummer der jeweils zust\u00e4ndigen Stelle zu kennen. Was tun im Notfall? Lebensbedrohliche Notf\u00e4lle Bei akuten und lebensbedrohlichen Notf\u00e4llen rufen Sie bitte sofort die Rettungsleitstelle unter 112 an! Arztbesuch au\u00dferhalb der Praxis\u00f6ffnungszeiten Au\u00dferhalb der Praxiszeiten, also werktags zwischen 19.00 Uhr und 07.00 Uhr (mittwochs <\/p>\n<div class=\"drchanges-read-more-link-wrap\"><a class=\"drchanges-read-more-link\" href=\"https:\/\/allgemeinmedizin-waibstadt.de\/?page_id=2707\">Read More<\/a><\/div>\n","protected":false},"author":1,"featured_media":0,"parent":0,"menu_order":0,"comment_status":"closed","ping_status":"closed","template":"","meta":{"footnotes":""},"class_list":["post-2707","page","type-page","status-publish","hentry"],"_links":{"self":[{"href":"https:\/\/allgemeinmedizin-waibstadt.de\/index.php?rest_route=\/wp\/v2\/pages\/2707","targetHints":{"allow":["GET"]}}],"collection":[{"href":"https:\/\/allgemeinmedizin-waibstadt.de\/index.php?rest_route=\/wp\/v2\/pages"}],"about":[{"href":"https:\/\/allgemeinmedizin-waibstadt.de\/index.php?rest_route=\/wp\/v2\/types\/page"}],"author":[{"embeddable":true,"href":"https:\/\/allgemeinmedizin-waibstadt.de\/index.php?rest_route=\/wp\/v2\/users\/1"}],"replies":[{"embeddable":true,"href":"https:\/\/allgemeinmedizin-waibstadt.de\/index.php?rest_route=%2Fwp%2Fv2%2Fcomments&post=2707"}],"version-history":[{"count":26,"href":"https:\/\/allgemeinmedizin-waibstadt.de\/index.php?rest_route=\/wp\/v2\/pages\/2707\/revisions"}],"predecessor-version":[{"id":2737,"href":"https:\/\/allgemeinmedizin-waibstadt.de\/index.php?rest_route=\/wp\/v2\/pages\/2707\/revisions\/2737"}],"wp:attachment":[{"href":"https:\/\/allgemeinmedizin-waibstadt.de\/index.php?rest_route=%2Fwp%2Fv2%2Fmedia&parent=2707"}],"curies":[{"name":"wp","href":"https:\/\/api.w.org\/{rel}","templated":true}]}}